{"id":3490,"date":"2023-05-24T10:40:13","date_gmt":"2023-05-24T08:40:13","guid":{"rendered":"https:\/\/ibdo.vitusdemos.de\/contact-us\/"},"modified":"2024-06-25T13:09:32","modified_gmt":"2024-06-25T11:09:32","slug":"contact-us","status":"publish","type":"page","link":"https:\/\/ibdo.vitusdemos.de\/en\/contact-us\/","title":{"rendered":"Contact us"},"content":{"rendered":"\n<h2 class=\"gb-headline gb-headline-45afacad gb-headline-text\">Secure your appointment without delay.<\/h2>\n\n\n<style id=\"wpforms-css-vars-2700-block-f6859d10-4ecd-4032-8ca2-ea1d58fb9f5c\">\n\t\t\t\t#wpforms-2700.wpforms-block-f6859d10-4ecd-4032-8ca2-ea1d58fb9f5c {\n\t\t\t\t--wpforms-label-color: #181c1c;\n--wpforms-label-sublabel-color: #636c6c;\n--wpforms-label-error-color: #d63636;\n--wpforms-page-break-color: #348180;\n--wpforms-field-border-color: #9ea3a3;\n--wpforms-field-border-color-spare: #9ea3a3;\n--wpforms-field-text-color: #181c1c;\n--wpforms-container-border-radius: 0px;\n--wpforms-button-background-color: #348180;\n--wpforms-button-text-color: #ebf2f2;\n--wpforms-button-border-color: #348180;\n--wpforms-field-size-input-height: 43px;\n--wpforms-field-size-input-spacing: 15px;\n--wpforms-field-size-font-size: 16px;\n--wpforms-field-size-line-height: 19px;\n--wpforms-field-size-padding-h: 14px;\n--wpforms-field-size-checkbox-size: 16px;\n--wpforms-field-size-sublabel-spacing: 5px;\n--wpforms-field-size-icon-size: 1;\n--wpforms-label-size-font-size: 16px;\n--wpforms-label-size-line-height: 19px;\n--wpforms-label-size-sublabel-font-size: 14px;\n--wpforms-label-size-sublabel-line-height: 17px;\n--wpforms-button-size-font-size: 17px;\n--wpforms-button-size-height: 41px;\n--wpforms-button-size-padding-h: 15px;\n--wpforms-button-size-margin-top: 10px;\n--wpforms-container-shadow-size-box-shadow: none;\n\t\t\t}\n\t\t\t<\/style><div class=\"wpforms-container wpforms-container-full wpforms-block wpforms-block-f6859d10-4ecd-4032-8ca2-ea1d58fb9f5c contact-wp-form wpforms-render-modern\" id=\"wpforms-2700\"><form id=\"wpforms-form-2700\" class=\"wpforms-validate wpforms-form wpforms-ajax-form\" data-formid=\"2700\" method=\"post\" enctype=\"multipart\/form-data\" action=\"\/en\/wp-json\/wp\/v2\/pages\/3490\" data-token=\"e4d278b55f1262be132cfba2cbc75b2a\" data-token-time=\"1775628296\"><noscript class=\"wpforms-error-noscript\">Please enable JavaScript in your browser to complete this form.<\/noscript><div id=\"wpforms-error-noscript\" style=\"display: none;\">Please enable JavaScript in your browser to complete this form.<\/div><div class=\"wpforms-field-container\"><div id=\"wpforms-2700-field_3-container\" class=\"wpforms-field wpforms-field-layout\" data-field-id=\"3\"><div class=\"wpforms-field-layout-rows wpforms-field-large\"><div class=\"wpforms-layout-row\"><div class=\"wpforms-layout-column wpforms-layout-column-50\"><div id=\"wpforms-2700-field_1-container\" class=\"wpforms-field wpforms-field-text form-field-white-border-bottom\" data-field-id=\"1\"><label class=\"wpforms-field-label\" for=\"wpforms-2700-field_1\">First name <span class=\"wpforms-required-label\" aria-hidden=\"true\">*<\/span><\/label><input type=\"text\" id=\"wpforms-2700-field_1\" class=\"wpforms-field-medium wpforms-field-required\" name=\"wpforms[fields][1]\" aria-errormessage=\"wpforms-2700-field_1-error\" required><\/div><\/div><div class=\"wpforms-layout-column wpforms-layout-column-50\"><div id=\"wpforms-2700-field_2-container\" class=\"wpforms-field wpforms-field-text form-field-white-border-bottom\" data-field-id=\"2\"><label class=\"wpforms-field-label\" for=\"wpforms-2700-field_2\">Last name <span class=\"wpforms-required-label\" aria-hidden=\"true\">*<\/span><\/label><input type=\"text\" id=\"wpforms-2700-field_2\" class=\"wpforms-field-medium wpforms-field-required\" name=\"wpforms[fields][2]\" aria-errormessage=\"wpforms-2700-field_2-error\" required><\/div><\/div><\/div><div class=\"wpforms-layout-row\"><div class=\"wpforms-layout-column wpforms-layout-column-50\"><div id=\"wpforms-2700-field_5-container\" class=\"wpforms-field wpforms-field-phone form-field-white-border-bottom\" data-field-id=\"5\"><label class=\"wpforms-field-label\" for=\"wpforms-2700-field_5\">Phone number <span class=\"wpforms-required-label\" aria-hidden=\"true\">*<\/span><\/label><input type=\"tel\" id=\"wpforms-2700-field_5\" class=\"wpforms-field-medium wpforms-field-required wpforms-smart-phone-field\" data-rule-smart-phone-field=\"true\" name=\"wpforms[fields][5]\" aria-label=\"Phone number\" aria-errormessage=\"wpforms-2700-field_5-error\" required><\/div><\/div><div class=\"wpforms-layout-column wpforms-layout-column-50\"><div id=\"wpforms-2700-field_6-container\" class=\"wpforms-field wpforms-field-email form-field-white-border-bottom\" data-field-id=\"6\"><label class=\"wpforms-field-label\" for=\"wpforms-2700-field_6\">E-mail address <span class=\"wpforms-required-label\" aria-hidden=\"true\">*<\/span><\/label><input type=\"email\" id=\"wpforms-2700-field_6\" class=\"wpforms-field-medium wpforms-field-required\" name=\"wpforms[fields][6]\" spellcheck=\"false\" aria-errormessage=\"wpforms-2700-field_6-error\" required><\/div><\/div><\/div><\/div><\/div><div id=\"wpforms-2700-field_7-container\" class=\"wpforms-field wpforms-field-layout\" data-field-id=\"7\"><div class=\"wpforms-field-layout-rows wpforms-field-large\"><div class=\"wpforms-layout-row\"><div class=\"wpforms-layout-column wpforms-layout-column-33\"><div id=\"wpforms-2700-field_8-container\" class=\"wpforms-field wpforms-field-radio\" data-field-id=\"8\"><fieldset><legend class=\"wpforms-field-label\">Reason for contacting us <span class=\"wpforms-required-label\" aria-hidden=\"true\">*<\/span><\/legend><ul id=\"wpforms-2700-field_8\" class=\"wpforms-field-required\"><li class=\"choice-1 depth-1\"><input type=\"radio\" id=\"wpforms-2700-field_8_1\" name=\"wpforms[fields][8]\" value=\"Make an appointment\" aria-errormessage=\"wpforms-2700-field_8_1-error\" required ><label class=\"wpforms-field-label-inline\" for=\"wpforms-2700-field_8_1\">Make an appointment<\/label><\/li><li class=\"choice-2 depth-1\"><input type=\"radio\" id=\"wpforms-2700-field_8_2\" name=\"wpforms[fields][8]\" value=\"Request information\" aria-errormessage=\"wpforms-2700-field_8_2-error\" required ><label class=\"wpforms-field-label-inline\" for=\"wpforms-2700-field_8_2\">Request information<\/label><\/li><li class=\"choice-3 depth-1\"><input type=\"radio\" id=\"wpforms-2700-field_8_3\" name=\"wpforms[fields][8]\" value=\"Request a telephone consultation\" aria-errormessage=\"wpforms-2700-field_8_3-error\" required ><label class=\"wpforms-field-label-inline\" for=\"wpforms-2700-field_8_3\">Request a telephone consultation<\/label><\/li><\/ul><\/fieldset><\/div><\/div><div class=\"wpforms-layout-column wpforms-layout-column-33\"><div id=\"wpforms-2700-field_9-container\" class=\"wpforms-field wpforms-field-radio wpforms-conditional-trigger\" data-field-id=\"9\"><fieldset><legend class=\"wpforms-field-label\">Insurance status <span class=\"wpforms-required-label\" aria-hidden=\"true\">*<\/span><\/legend><ul id=\"wpforms-2700-field_9\" class=\"wpforms-field-required\"><li class=\"choice-1 depth-1\"><input type=\"radio\" id=\"wpforms-2700-field_9_1\" name=\"wpforms[fields][9]\" value=\"Private\" aria-errormessage=\"wpforms-2700-field_9_1-error\" required ><label class=\"wpforms-field-label-inline\" for=\"wpforms-2700-field_9_1\">Private<\/label><\/li><li class=\"choice-2 depth-1\"><input type=\"radio\" id=\"wpforms-2700-field_9_2\" name=\"wpforms[fields][9]\" value=\"Private and eligible for benefits\" aria-errormessage=\"wpforms-2700-field_9_2-error\" required ><label class=\"wpforms-field-label-inline\" for=\"wpforms-2700-field_9_2\">Private and eligible for benefits<\/label><\/li><li class=\"choice-3 depth-1\"><input type=\"radio\" id=\"wpforms-2700-field_9_3\" name=\"wpforms[fields][9]\" value=\"Occupational accident (BG)\" aria-errormessage=\"wpforms-2700-field_9_3-error\" required ><label class=\"wpforms-field-label-inline\" for=\"wpforms-2700-field_9_3\">Occupational accident (BG)<\/label><\/li><li class=\"choice-4 depth-1\"><input type=\"radio\" id=\"wpforms-2700-field_9_4\" name=\"wpforms[fields][9]\" value=\"I will pay for the examination\" aria-errormessage=\"wpforms-2700-field_9_4-error\" required ><label class=\"wpforms-field-label-inline\" for=\"wpforms-2700-field_9_4\">I will pay for the examination<\/label><\/li><li class=\"choice-5 depth-1\"><input type=\"radio\" id=\"wpforms-2700-field_9_5\" name=\"wpforms[fields][9]\" value=\"Statutory health insurance\" aria-errormessage=\"wpforms-2700-field_9_5-error\" required ><label class=\"wpforms-field-label-inline\" for=\"wpforms-2700-field_9_5\">Statutory health insurance<\/label><\/li><\/ul><\/fieldset><\/div><\/div><div class=\"wpforms-layout-column wpforms-layout-column-33\"><\/div><\/div><div class=\"wpforms-layout-row\"><div class=\"wpforms-layout-column wpforms-layout-column-33\"><\/div><div class=\"wpforms-layout-column wpforms-layout-column-33\"><div id=\"wpforms-2700-field_14-container\" class=\"wpforms-field wpforms-field-html wpforms-conditional-field wpforms-conditional-show\" data-field-id=\"14\" style=\"display:none;\"><div id=\"wpforms-2700-field_14\" aria-errormessage=\"wpforms-2700-field_14-error\"><div style=\"padding:1em;border-radius:13px;background-color:white;\">We are a private institute and do not bill statutory health insurance companies, but you are welcome to have yourself examined by us as a self-payer.<br \/>  <a href=\"https:\/\/www.gelbeseiten.de\/suche\/%c3%a4rzte%3a%20radiologie%20fach%c3%a4rzte\/offenbach%20am%20main\" target=\"_blank\" rel=\"_nofollow\">\r\n\r\n    <div class=\"link-button-form\">\r\n      <div>\r\n        <svg aria-hidden=\"true\" role=\"img\" height=\"1em\" width=\"1em\" viewbox=\"0 0 256 512\" xmlns=\"http:\/\/www.w3.org\/2000\/svg\">\r\n          <path fill=\"currentColor\"\r\n            d=\"M224.3 273l-136 136c-9.4 9.4-24.6 9.4-33.9 0l-22.6-22.6c-9.4-9.4-9.4-24.6 0-33.9l96.4-96.4-96.4-96.4c-9.4-9.4-9.4-24.6 0-33.9L54.3 103c9.4-9.4 24.6-9.4 33.9 0l136 136c9.5 9.4 9.5 24.6.1 34z\">\r\n          <\/path>\r\n        <\/svg>\r\n      <\/div>\r\n      <div>Find a radiologist for those with statutory health insurance here<\/div>\r\n    <\/div>\r\n  <\/a>\r\n\r\n<\/div><\/div><\/div><\/div><div class=\"wpforms-layout-column wpforms-layout-column-33\"><\/div><\/div><div class=\"wpforms-layout-row\"><div class=\"wpforms-layout-column wpforms-layout-column-33\"><\/div><div class=\"wpforms-layout-column wpforms-layout-column-33\"><div id=\"wpforms-2700-field_15-container\" class=\"wpforms-field wpforms-field-checkbox checkbox-white wpforms-conditional-field wpforms-conditional-show\" data-field-id=\"15\" style=\"display:none;\"><fieldset><legend class=\"wpforms-field-label wpforms-label-hide\" aria-hidden=\"false\">Checkboxen <span class=\"wpforms-required-label\" aria-hidden=\"true\">*<\/span><\/legend><ul id=\"wpforms-2700-field_15\" class=\"wpforms-field-required\"><li class=\"choice-1 depth-1\"><input type=\"checkbox\" id=\"wpforms-2700-field_15_1\" name=\"wpforms[fields][15][]\" value=\"I know that as a person with statutory health insurance I have to pay for the treatment myself.\" aria-errormessage=\"wpforms-2700-field_15_1-error\" required ><label class=\"wpforms-field-label-inline\" for=\"wpforms-2700-field_15_1\">I know that as a person with statutory health insurance I have to pay for the treatment myself.<\/label><\/li><\/ul><\/fieldset><\/div><\/div><div class=\"wpforms-layout-column wpforms-layout-column-33\"><\/div><\/div><\/div><\/div><div id=\"wpforms-2700-field_11-container\" class=\"wpforms-field wpforms-field-textarea form-field-white-border-bottom\" data-field-id=\"11\"><label class=\"wpforms-field-label\" for=\"wpforms-2700-field_11\">Your message <span class=\"wpforms-required-label\" aria-hidden=\"true\">*<\/span><\/label><textarea id=\"wpforms-2700-field_11\" class=\"wpforms-field-medium wpforms-field-required\" name=\"wpforms[fields][11]\" aria-errormessage=\"wpforms-2700-field_11-error\" required><\/textarea><\/div><div id=\"wpforms-2700-field_12-container\" class=\"wpforms-field wpforms-field-captcha\" data-field-id=\"12\"><label class=\"wpforms-field-label wpforms-label-hide\" for=\"wpforms-2700-field_12\" aria-hidden=\"false\">Individual captcha <span class=\"wpforms-required-label\" aria-hidden=\"true\">*<\/span><\/label><p id=\"wpforms-2700-field_12-question\" class=\"wpforms-captcha-question\">Which number is larger? 3 or 8<\/p>\n\t\t<input type=\"text\" id=\"wpforms-2700-field_12\" class=\"wpforms-field-medium wpforms-field-required a\" data-rule-wpf-captcha=\"qa\" data-is-wrapped-field=\"1\" data-a=\"8\" name=\"wpforms[fields][12][a]\" aria-errormessage=\"wpforms-2700-field_12-error\" aria-describedby=\"wpforms-2700-field_12-question\" required>\n\t\t<input type=\"hidden\" name=\"wpforms[fields][12][q]\" value=\"1\">\n\n\t\t<\/div><div id=\"wpforms-2700-field_13-container\" class=\"wpforms-field wpforms-field-hidden\" data-field-id=\"13\"><input type=\"hidden\" id=\"wpforms-2700-field_13\" name=\"wpforms[fields][13]\"><\/div><\/div><!-- .wpforms-field-container --><div class=\"wpforms-submit-container\" ><input type=\"hidden\" name=\"wpforms[id]\" value=\"2700\"><input type=\"hidden\" name=\"page_title\" value=\"\"><input type=\"hidden\" name=\"page_url\" value=\"https:\/\/ibdo.vitusdemos.de\/en\/wp-json\/wp\/v2\/pages\/3490\"><input type=\"hidden\" name=\"url_referer\" value=\"\"><button type=\"submit\" name=\"wpforms[submit]\" id=\"wpforms-submit-2700\" class=\"wpforms-submit\" data-alt-text=\"Being sent ...\" data-submit-text=\"Submit\" aria-live=\"assertive\" value=\"wpforms-submit\">Submit<\/button><img decoding=\"async\" src=\"https:\/\/ibdo.vitusdemos.de\/wp-content\/plugins\/wpforms\/assets\/images\/submit-spin.svg\" class=\"wpforms-submit-spinner\" style=\"display: none;\" width=\"26\" height=\"26\" alt=\"Loading\"><\/div><\/form><\/div>  <!-- .wpforms-container --><div class=\"gb-container gb-container-51bb95af\">\n\n<h4 class=\"gb-headline gb-headline-49cb24d6 gb-headline-text\">Get in touch<\/h4>\n\n\n\n<h2 class=\"gb-headline gb-headline-c4048a40 gb-headline-text\">We are here for you<\/h2>\n\n\n<div class=\"gb-grid-wrapper gb-grid-wrapper-0e2b3ce6\">\n<div class=\"gb-grid-column gb-grid-column-09b5f79b\"><div class=\"gb-container gb-container-09b5f79b\">\n\n<h4 class=\"gb-headline gb-headline-7591fd27\"><span class=\"gb-icon\"><svg xmlns=\"http:\/\/www.w3.org\/2000\/svg\" height=\"14\" width=\"23\" preserveaspectratio=\"none\"><path fill-rule=\"evenodd\" fill=\"#16A6B4\" d=\"M1.725 0c-.226 0-.44.044-.638.118l9.757 7.984c.423.345.872.345 1.294 0L21.913.118A1.824 1.824 0 0 0 21.275 0H1.725zM.018 1.388c-.011.074-.018.15-.018.227v10.77C0 13.28.77 14 1.725 14h19.55c.956 0 1.725-.72 1.725-1.615V1.615c0-.076-.007-.153-.018-.227L13.27 9.322c-1.013.828-2.545.829-3.558 0L.018 1.388z\"><\/path><\/svg> <\/span><\/h4>\n\n\n\n<h4 class=\"gb-headline gb-headline-7cf56a1e gb-headline-text\">info@bilddiagnostik.de<\/h4>\n\n\n\n<p>Write to us by e-mail<\/p>\n\n<\/div><\/div>\n\n<div class=\"gb-grid-column gb-grid-column-fb1aad74\"><div class=\"gb-container gb-container-fb1aad74\">\n\n<h4 class=\"gb-headline gb-headline-d21c7db4\"><span class=\"gb-icon\"><svg xmlns=\"http:\/\/www.w3.org\/2000\/svg\" height=\"18\" width=\"18\" preserveaspectratio=\"none\"><defs><filter id=\"a\" color-interpolation-filters=\"auto\"><fecolormatrix values=\"0 0 0 0 0.086275 0 0 0 0 0.650980 0 0 0 0 0.705882 0 0 0 1.000000 0\" in=\"SourceGraphic\"><\/fecolormatrix><\/filter><\/defs><path fill-rule=\"evenodd\" filter=\"url(#a)\" fill=\"#16A6B4\" d=\"M6.71 2.83c.678.684.68 1.481.004 2.16-.484.486-.966.976-1.46 1.453-.13.126-.14.23-.074.388.324.779.793 1.468 1.32 2.116 1.06 1.303 2.258 2.46 3.688 3.357.307.192.646.332.964.505.164.09.276.061.407-.075.484-.5.978-.987 1.472-1.476.646-.64 1.458-.642 2.107.001.794.786 1.583 1.575 2.37 2.368.66.665.655 1.476-.008 2.146-.448.453-.923.882-1.347 1.356-.617.69-1.39.913-2.276.865-1.287-.07-2.475-.498-3.617-1.054a19.678 19.678 0 0 1-6.532-5.11C2.385 10.231 1.273 8.49.543 6.525.19 5.574-.063 4.6.013 3.57c.048-.636.288-1.176.756-1.623.503-.478.982-.983 1.478-1.47.648-.637 1.46-.636 2.11.003.402.393.797.794 1.195 1.192.386.386.773.77 1.158 1.158z\"><\/path><\/svg> <\/span><\/h4>\n\n\n\n<h4 class=\"gb-headline gb-headline-d1d607c2 gb-headline-text\">069 50 50 00 90<\/h4>\n\n\n\n<p>Mon-Fri 8:00 am &#8211; 6:00 pm<\/p>\n\n<\/div><\/div>\n\n<div class=\"gb-grid-column gb-grid-column-ac9ec0a1\"><div class=\"gb-container gb-container-ac9ec0a1\">\n\n<h4 class=\"gb-headline gb-headline-70e1e356\"><span class=\"gb-icon\"><svg xmlns=\"http:\/\/www.w3.org\/2000\/svg\" aria-hidden=\"true\" role=\"img\" height=\"1em\" width=\"1em\" viewbox=\"0 0 384 512\"><path fill=\"currentColor\" d=\"M172.268 501.67C26.97 291.031 0 269.413 0 192 0 85.961 85.961 0 192 0s192 85.961 192 192c0 77.413-26.97 99.031-172.268 309.67-9.535 13.774-29.93 13.773-39.464 0zM192 272c44.183 0 80-35.817 80-80s-35.817-80-80-80-80 35.817-80 80 35.817 80 80 80z\"><\/path><\/svg><\/span><\/h4>\n\n\n\n<h4 class=\"gb-headline gb-headline-6ce612f4 gb-headline-text\">Strahlenberger Street 110<\/h4>\n\n\n\n<p>63067 Offenbach<\/p>\n\n<\/div><\/div>\n<\/div>\n<\/div><div class=\"gb-container gb-container-a9e61c2a\">\n\n<h2 class=\"gb-headline gb-headline-2d458421 gb-headline-text\">How to find us:<\/h2>\n\n\n<div class=\"gb-grid-wrapper gb-grid-wrapper-3d490b75\">\n<div class=\"gb-grid-column gb-grid-column-00d7f28e\"><div class=\"gb-container gb-container-00d7f28e\">\n\n<h4 class=\"gb-headline gb-headline-6d1fde6f gb-headline-text\">With the S-Bahn<\/h4>\n\n\n\n<p>Take the S1, S2, S8 or S9 line. Get off at the Offenbach Kaiserlei stop and leave the station in the direction of Br\u00fcsseler Platz. Now walk for approx. 5 min. on foot via Budapester Stra\u00dfe to our practice.<\/p>\n\n<\/div><\/div>\n\n<div class=\"gb-grid-column gb-grid-column-61c3e632\"><div class=\"gb-container gb-container-61c3e632\">\n\n<h4 class=\"gb-headline gb-headline-c8bcfcca gb-headline-text\">By car<\/h4>\n\n\n\n<p>Take the A661 to the Strahlenbergerstra\u00dfe exit. Now turn into Strahlenbergerstra\u00dfe. Follow the road until the junction Strahlenbergerstra\u00dfe \/ Amsterdamer Stra\u00dfe and turn left into Amsterdamer Stra\u00dfe. You will find the entrance to the parking garage a few meters further on the left-hand side.<\/p>\n\n<\/div><\/div>\n\n<div class=\"gb-grid-column gb-grid-column-d8611560\"><div class=\"gb-container gb-container-d8611560\">\n\n<h4 class=\"gb-headline gb-headline-5dc5a961 gb-headline-text\">By bus<\/h4>\n\n\n\n<p>You can also reach us by bus lines 102, 103, 104 and 108. The bus stops Goethering, Warschauer Stra\u00dfe, Amsterdamer Stra\u00dfe and Strahlenbergerstra\u00dfe are in the immediate vicinity of our practice. From there you can reach us in a few minutes on foot.<\/p>\n\n<\/div><\/div>\n<\/div>\n<\/div>","protected":false},"excerpt":{"rendered":"<p>How to find us:<\/p>\n","protected":false},"author":1,"featured_media":0,"parent":0,"menu_order":0,"comment_status":"closed","ping_status":"closed","template":"","meta":{"_acf_changed":false,"inline_featured_image":false,"footnotes":""},"class_list":{"0":"post-3490","1":"page","2":"type-page","3":"status-publish","5":"infinite-scroll-item"},"acf":[],"_links":{"self":[{"href":"https:\/\/ibdo.vitusdemos.de\/en\/wp-json\/wp\/v2\/pages\/3490","targetHints":{"allow":["GET"]}}],"collection":[{"href":"https:\/\/ibdo.vitusdemos.de\/en\/wp-json\/wp\/v2\/pages"}],"about":[{"href":"https:\/\/ibdo.vitusdemos.de\/en\/wp-json\/wp\/v2\/types\/page"}],"author":[{"embeddable":true,"href":"https:\/\/ibdo.vitusdemos.de\/en\/wp-json\/wp\/v2\/users\/1"}],"replies":[{"embeddable":true,"href":"https:\/\/ibdo.vitusdemos.de\/en\/wp-json\/wp\/v2\/comments?post=3490"}],"version-history":[{"count":1,"href":"https:\/\/ibdo.vitusdemos.de\/en\/wp-json\/wp\/v2\/pages\/3490\/revisions"}],"predecessor-version":[{"id":3491,"href":"https:\/\/ibdo.vitusdemos.de\/en\/wp-json\/wp\/v2\/pages\/3490\/revisions\/3491"}],"wp:attachment":[{"href":"https:\/\/ibdo.vitusdemos.de\/en\/wp-json\/wp\/v2\/media?parent=3490"}],"curies":[{"name":"wp","href":"https:\/\/api.w.org\/{rel}","templated":true}]}}